{"id":393493,"date":"2024-10-20T10:51:44","date_gmt":"2024-10-20T08:51:44","guid":{"rendered":"https:\/\/galwanizer.pl\/kontakt\/"},"modified":"2025-01-20T12:45:14","modified_gmt":"2025-01-20T11:45:14","slug":"kontakt","status":"publish","type":"page","link":"https:\/\/galwanizer.pl\/de\/kontakt\/","title":{"rendered":"Kontakt"},"content":{"rendered":"<p>[et_pb_section fb_built=&#8220;1&#8243; custom_padding_last_edited=&#8220;on|tablet&#8220; admin_label=&#8220;Ruler Blurbs &#8211; Ragnar&#8220; module_class=&#8220;ragnar_blurbs_ruler&#8220; _builder_version=&#8220;4.25.2&#8243; _module_preset=&#8220;default&#8220; background_color=&#8220;#f9f9f9&#8243; background_image=&#8220;https:\/\/galwanizer.pl\/wp-content\/uploads\/2024\/10\/galwanizer1-1-scaled.webp&#8220; background_size=&#8220;contain&#8220; background_position=&#8220;center_left&#8220; background_enable_video_mp4=&#8220;off&#8220; custom_padding=&#8220;50px||0px||false|false&#8220; custom_padding_tablet=&#8220;50px||||false|false&#8220; custom_padding_phone=&#8220;&#8220; hover_enabled=&#8220;0&#8243; background_last_edited=&#8220;on|tablet&#8220; background_enable_image_tablet=&#8220;off&#8220; global_colors_info=&#8220;{}&#8220; sticky_enabled=&#8220;0&#8243;][et_pb_row column_structure=&#8220;2_5,3_5&#8243; make_equal=&#8220;on&#8220; custom_padding_last_edited=&#8220;on|tablet&#8220; admin_label=&#8220;Ruler Blurbs &#8211; Ragnar &#8211; Row&#8220; _builder_version=&#8220;4.25.2&#8243; _module_preset=&#8220;default&#8220; width_tablet=&#8220;90%&#8220; width_phone=&#8220;90%&#8220; width_last_edited=&#8220;on|tablet&#8220; custom_padding=&#8220;60px||60px||true|false&#8220; custom_padding_tablet=&#8220;||20px||false|false&#8220; custom_padding_phone=&#8220;0px||0px||true|false&#8220; global_colors_info=&#8220;{}&#8220; custom_margin=&#8220;|30px||auto||&#8220;][et_pb_column type=&#8220;2_5&#8243; _builder_version=&#8220;4.25.2&#8243; _module_preset=&#8220;default&#8220; global_colors_info=&#8220;{}&#8220;][\/et_pb_column][et_pb_column type=&#8220;3_5&#8243; _builder_version=&#8220;4.16&#8243; _module_preset=&#8220;default&#8220; global_colors_info=&#8220;{}&#8220;][et_pb_text _builder_version=&#8220;4.25.2&#8243; _module_preset=&#8220;default&#8220; header_font=&#8220;|700|||||||&#8220; header_text_align=&#8220;left&#8220; header_font_size=&#8220;70px&#8220; header_font_size_tablet=&#8220;54px&#8220; header_font_size_phone=&#8220;42px&#8220; header_font_size_last_edited=&#8220;on|phone&#8220; global_colors_info=&#8220;{}&#8220;]<\/p>\n<h1>Kontakt<\/h1>\n<p>[\/et_pb_text][et_pb_text _builder_version=&#8220;4.25.2&#8243; _module_preset=&#8220;default&#8220; text_font_size=&#8220;20px&#8220; header_2_text_color=&#8220;#000000&#8243; header_3_text_color=&#8220;#000000&#8243; header_3_font_size=&#8220;36px&#8220; header_3_line_height=&#8220;1.1em&#8220; custom_margin=&#8220;||5px||false|false&#8220; custom_padding=&#8220;||||false|false&#8220; text_font_size_tablet=&#8220;20px&#8220; text_font_size_phone=&#8220;18px&#8220; text_font_size_last_edited=&#8220;on|phone&#8220; header_3_font_size_tablet=&#8220;22px&#8220; header_3_font_size_phone=&#8220;18px&#8220; header_3_font_size_last_edited=&#8220;on|tablet&#8220; global_colors_info=&#8220;{}&#8220;]<\/p>\n<h2>Melden Sie sich bei uns, wir stehen Ihnen gerne zur Verf\u00fcgung.<\/h2>\n<p>[\/et_pb_text][et_pb_blurb title=&#8220;Informationsklausel im Zusammenhang mit der Verarbeitung personenbezogener Daten in der Firma Galwanizer GmbH (Sp.z o.o)&#8220; url_new_window=&#8220;on&#8220; use_icon=&#8220;on&#8220; font_icon=&#8220;&#xf15b;||fa||900&#8243; icon_color=&#8220;#42793C&#8220; icon_placement=&#8220;left&#8220; content_max_width=&#8220;100%&#8220; _builder_version=&#8220;4.25.2&#8243; _module_preset=&#8220;default&#8220; header_font=&#8220;|700|||||||&#8220; header_text_color=&#8220;#13161B&#8220; header_font_size=&#8220;16px&#8220; max_width=&#8220;600px&#8220; link_option_url=&#8220;https:\/\/galwanizer.pl\/wp-content\/uploads\/2024\/10\/RODO-klauzula-informacyjna.pdf&#8220; global_colors_info=&#8220;{}&#8220;][\/et_pb_blurb][\/et_pb_column][\/et_pb_row][\/et_pb_section][et_pb_section fb_built=&#8220;1&#8243; _builder_version=&#8220;4.25.2&#8243; _module_preset=&#8220;default&#8220; background_color=&#8220;#f9f9f9&#8243; global_colors_info=&#8220;{}&#8220;][et_pb_row column_structure=&#8220;1_3,1_3,1_3&#8243; use_custom_gutter=&#8220;on&#8220; gutter_width=&#8220;2&#8243; _builder_version=&#8220;4.25.2&#8243; _module_preset=&#8220;default&#8220; width_tablet=&#8220;&#8220; width_phone=&#8220;90%&#8220; width_last_edited=&#8220;on|phone&#8220; global_colors_info=&#8220;{}&#8220;][et_pb_column type=&#8220;1_3&#8243; _builder_version=&#8220;4.25.2&#8243; _module_preset=&#8220;default&#8220; global_colors_info=&#8220;{}&#8220;][et_pb_contact_form captcha=&#8220;off&#8220; email=&#8220;biuro@galwanizer.pl&#8220; title=&#8220;Schreiben Sie uns&#8220; submit_button_text=&#8220;Senden Sie eine Nachricht&#8220; _builder_version=&#8220;4.25.2&#8243; _module_preset=&#8220;default&#8220; _unique_id=&#8220;7d3a0dc6-af24-4272-affb-519453b706f6&#8243; form_field_background_color=&#8220;RGBA(255,255,255,0)&#8220; form_field_text_color=&#8220;#13161B&#8220; title_level=&#8220;h2&#8243; title_font=&#8220;|700|||||||&#8220; title_font_size=&#8220;34px&#8220; form_field_font=&#8220;|||on|||||&#8220; form_field_font_size=&#8220;16px&#8220; form_field_letter_spacing=&#8220;1px&#8220; custom_button=&#8220;on&#8220; button_text_size=&#8220;16px&#8220; button_text_color=&#8220;#FFFFFF&#8220; button_bg_color=&#8220;#42793C&#8220; button_border_width=&#8220;0px&#8220; button_border_radius=&#8220;0px&#8220; button_letter_spacing=&#8220;1px&#8220; button_font=&#8220;&#8211;et_global_heading_font|||on|||||&#8220; button_icon=&#8220;&#x24;||divi||400&#8243; button_custom_padding=&#8220;10px|25px|10px|25px|true|true&#8220; custom_css_contact_title=&#8220;margin-bottom: 30px;&#8220; border_width_bottom=&#8220;2px&#8220; border_color_bottom=&#8220;#13161B&#8220; global_colors_info=&#8220;{}&#8220; button_bg_color__hover_enabled=&#8220;on|hover&#8220; button_bg_color__hover=&#8220;#13161B&#8220; button_bg_enable_color__hover=&#8220;on&#8220;][et_pb_contact_field field_id=&#8220;Name&#8220; field_title=&#8220;Vor- und Nachname&#8220; fullwidth_field=&#8220;on&#8220; _builder_version=&#8220;4.25.2&#8243; global_colors_info=&#8220;{}&#8220; button_text_size__hover_enabled=&#8220;off&#8220; button_one_text_size__hover_enabled=&#8220;off&#8220; button_two_text_size__hover_enabled=&#8220;off&#8220; button_text_color__hover_enabled=&#8220;off&#8220; button_one_text_color__hover_enabled=&#8220;off&#8220; button_two_text_color__hover_enabled=&#8220;off&#8220; button_border_width__hover_enabled=&#8220;off&#8220; button_one_border_width__hover_enabled=&#8220;off&#8220; button_two_border_width__hover_enabled=&#8220;off&#8220; button_border_color__hover_enabled=&#8220;off&#8220; button_one_border_color__hover_enabled=&#8220;off&#8220; button_two_border_color__hover_enabled=&#8220;off&#8220; button_border_radius__hover_enabled=&#8220;off&#8220; button_one_border_radius__hover_enabled=&#8220;off&#8220; button_two_border_radius__hover_enabled=&#8220;off&#8220; button_letter_spacing__hover_enabled=&#8220;off&#8220; button_one_letter_spacing__hover_enabled=&#8220;off&#8220; button_two_letter_spacing__hover_enabled=&#8220;off&#8220; button_bg_color__hover_enabled=&#8220;off&#8220; button_one_bg_color__hover_enabled=&#8220;off&#8220; button_two_bg_color__hover_enabled=&#8220;off&#8220;][\/et_pb_contact_field][et_pb_contact_field field_id=&#8220;Email&#8220; field_title=&#8220;E-mail&#8220; field_type=&#8220;email&#8220; fullwidth_field=&#8220;on&#8220; _builder_version=&#8220;4.25.2&#8243; global_colors_info=&#8220;{}&#8220; button_text_size__hover_enabled=&#8220;off&#8220; button_one_text_size__hover_enabled=&#8220;off&#8220; button_two_text_size__hover_enabled=&#8220;off&#8220; button_text_color__hover_enabled=&#8220;off&#8220; button_one_text_color__hover_enabled=&#8220;off&#8220; button_two_text_color__hover_enabled=&#8220;off&#8220; button_border_width__hover_enabled=&#8220;off&#8220; button_one_border_width__hover_enabled=&#8220;off&#8220; button_two_border_width__hover_enabled=&#8220;off&#8220; button_border_color__hover_enabled=&#8220;off&#8220; button_one_border_color__hover_enabled=&#8220;off&#8220; button_two_border_color__hover_enabled=&#8220;off&#8220; button_border_radius__hover_enabled=&#8220;off&#8220; button_one_border_radius__hover_enabled=&#8220;off&#8220; button_two_border_radius__hover_enabled=&#8220;off&#8220; button_letter_spacing__hover_enabled=&#8220;off&#8220; button_one_letter_spacing__hover_enabled=&#8220;off&#8220; button_two_letter_spacing__hover_enabled=&#8220;off&#8220; button_bg_color__hover_enabled=&#8220;off&#8220; button_one_bg_color__hover_enabled=&#8220;off&#8220; button_two_bg_color__hover_enabled=&#8220;off&#8220;][\/et_pb_contact_field][et_pb_contact_field field_id=&#8220;Message&#8220; field_title=&#8220;Nachricht&#8220; field_type=&#8220;text&#8220; fullwidth_field=&#8220;on&#8220; _builder_version=&#8220;4.16&#8243; global_colors_info=&#8220;{}&#8220; button_text_size__hover_enabled=&#8220;off&#8220; button_one_text_size__hover_enabled=&#8220;off&#8220; button_two_text_size__hover_enabled=&#8220;off&#8220; button_text_color__hover_enabled=&#8220;off&#8220; button_one_text_color__hover_enabled=&#8220;off&#8220; button_two_text_color__hover_enabled=&#8220;off&#8220; button_border_width__hover_enabled=&#8220;off&#8220; button_one_border_width__hover_enabled=&#8220;off&#8220; button_two_border_width__hover_enabled=&#8220;off&#8220; button_border_color__hover_enabled=&#8220;off&#8220; button_one_border_color__hover_enabled=&#8220;off&#8220; button_two_border_color__hover_enabled=&#8220;off&#8220; button_border_radius__hover_enabled=&#8220;off&#8220; button_one_border_radius__hover_enabled=&#8220;off&#8220; button_two_border_radius__hover_enabled=&#8220;off&#8220; button_letter_spacing__hover_enabled=&#8220;off&#8220; button_one_letter_spacing__hover_enabled=&#8220;off&#8220; button_two_letter_spacing__hover_enabled=&#8220;off&#8220; button_bg_color__hover_enabled=&#8220;off&#8220; button_one_bg_color__hover_enabled=&#8220;off&#8220; button_two_bg_color__hover_enabled=&#8220;off&#8220;][\/et_pb_contact_field][\/et_pb_contact_form][\/et_pb_column][et_pb_column type=&#8220;1_3&#8243; _builder_version=&#8220;4.25.2&#8243; _module_preset=&#8220;default&#8220; global_colors_info=&#8220;{}&#8220;][et_pb_blurb title=&#8220;Adresse&#8220; use_icon=&#8220;on&#8220; font_icon=&#8220;&#xf3c5;||fa||900&#8243; icon_color=&#8220;#f9f9f9&#8243; icon_placement=&#8220;left&#8220; content_max_width=&#8220;100%&#8220; _builder_version=&#8220;4.25.2&#8243; _module_preset=&#8220;default&#8220; header_font=&#8220;|700||on|||||&#8220; header_text_color=&#8220;#FFFFFF&#8220; header_font_size=&#8220;20px&#8220; body_text_color=&#8220;#FFFFFF&#8220; background_color=&#8220;#42793C&#8220; max_width=&#8220;400px&#8220; custom_padding=&#8220;20px|20px|20px|20px|true|true&#8220; box_shadow_style=&#8220;preset1&#8243; global_colors_info=&#8220;{}&#8220;]<\/p>\n<p>Stra\u00dfe \u015awidnicka 38<br \/>58-200 Dzier\u017coni\u00f3w<br \/><strong>Zugang von der Stra\u00dfe Diorowskiej <\/strong><strong><\/strong><\/p>\n<p>[\/et_pb_blurb][et_pb_blurb title=&#8220;Telefon&#8220; use_icon=&#8220;on&#8220; font_icon=&#8220;&#xe090;||divi||400&#8243; icon_color=&#8220;#f9f9f9&#8243; icon_placement=&#8220;left&#8220; content_max_width=&#8220;100%&#8220; _builder_version=&#8220;4.25.2&#8243; _module_preset=&#8220;default&#8220; header_font=&#8220;|700||on|||||&#8220; header_text_color=&#8220;#FFFFFF&#8220; header_font_size=&#8220;20px&#8220; body_text_color=&#8220;#FFFFFF&#8220; body_link_text_color=&#8220;#000000&#8243; background_color=&#8220;#42793C&#8220; max_width=&#8220;400px&#8220; custom_padding=&#8220;20px|20px|20px|20px|true|true&#8220; box_shadow_style=&#8220;preset1&#8243; global_colors_info=&#8220;{}&#8220; body_link_text_color__hover_enabled=&#8220;on|desktop&#8220; body_link_text_color__hover=&#8220;#42793C&#8220;]<\/p>\n<p><a href=\"tel:%20+%2048%2074%20832%2048%2035\">(+ 48 74) 832 48 35<\/a> (BOK)<\/p>\n<p><a href=\"tel:%20+%2048%2074%20832%2048%2030\">(+ 48 74) 832 48 30<\/a> (Centrala)<\/p>\n<p><a href=\"tel:%20+%2048%2074%20831%2017%2060\">(+ 48 74) 831 17 60<\/a> (FAX)<\/p>\n<p>[\/et_pb_blurb][\/et_pb_column][et_pb_column type=&#8220;1_3&#8243; _builder_version=&#8220;4.25.2&#8243; _module_preset=&#8220;default&#8220; global_colors_info=&#8220;{}&#8220;][et_pb_blurb title=&#8220;B\u00fcro&#8220; use_icon=&#8220;on&#8220; font_icon=&#8220;&#xf017;||fa||900&#8243; icon_color=&#8220;#f9f9f9&#8243; icon_placement=&#8220;left&#8220; content_max_width=&#8220;100%&#8220; _builder_version=&#8220;4.25.2&#8243; _module_preset=&#8220;default&#8220; header_font=&#8220;|700||on|||||&#8220; header_text_color=&#8220;#FFFFFF&#8220; header_font_size=&#8220;20px&#8220; body_text_color=&#8220;#FFFFFF&#8220; body_link_text_color=&#8220;#000000&#8243; background_color=&#8220;#42793C&#8220; max_width=&#8220;400px&#8220; custom_padding=&#8220;20px|20px|20px|20px|true|true&#8220; box_shadow_style=&#8220;preset1&#8243; global_colors_info=&#8220;{}&#8220; body_link_text_color__hover_enabled=&#8220;on|desktop&#8220; body_link_text_color__hover=&#8220;#42793C&#8220;]<\/p>\n<p>Montag &#8211; Freitag 7:00 &#8211; 15:00<\/p>\n<p>Email: <a href=\"mailto:biuro@galwanizer.pl\">biuro@galwanizer.pl<\/a><\/p>\n<p>[\/et_pb_blurb][et_pb_blurb title=&#8220;Daten&#8220; use_icon=&#8220;on&#8220; font_icon=&#8220;&#xf0b1;||fa||900&#8243; icon_color=&#8220;#f9f9f9&#8243; icon_placement=&#8220;left&#8220; content_max_width=&#8220;100%&#8220; _builder_version=&#8220;4.25.2&#8243; _module_preset=&#8220;default&#8220; header_font=&#8220;|700||on|||||&#8220; header_text_color=&#8220;#FFFFFF&#8220; header_font_size=&#8220;20px&#8220; body_text_color=&#8220;#FFFFFF&#8220; body_link_text_color=&#8220;#000000&#8243; background_color=&#8220;#42793C&#8220; max_width=&#8220;400px&#8220; custom_padding=&#8220;20px|20px|20px|20px|true|true&#8220; box_shadow_style=&#8220;preset1&#8243; global_colors_info=&#8220;{}&#8220; body_link_text_color__hover_enabled=&#8220;on|desktop&#8220; body_link_text_color__hover=&#8220;#42793C&#8220;]<\/p>\n<p>NIP: 8821504651<\/p>\n<p>REGON: 890482834<\/p>\n<p>BDO: 000156858<\/p>\n<p>[\/et_pb_blurb][\/et_pb_column][\/et_pb_row][\/et_pb_section]<\/p>\n","protected":false},"excerpt":{"rendered":"<p>KontaktMelden Sie sich bei uns, wir stehen Ihnen gerne zur Verf\u00fcgung.Stra\u00dfe \u015awidnicka 3858-200 Dzier\u017coni\u00f3wZugang von der Stra\u00dfe Diorowskiej (+ 48 74) 832 48 35 (BOK) (+ 48 74) 832 48 30 (Centrala) (+ 48 74) 831 17 60 (FAX)Montag &#8211; Freitag 7:00 &#8211; 15:00 Email: biuro@galwanizer.plNIP: 8821504651 REGON: 890482834 BDO: 000156858<\/p>\n","protected":false},"author":2,"featured_media":0,"parent":0,"menu_order":0,"comment_status":"closed","ping_status":"closed","template":"","meta":{"_et_pb_use_builder":"on","_et_pb_old_content":"","_et_gb_content_width":"","footnotes":""},"yoast_head":"<!-- This site is optimized with the Yoast SEO plugin v23.6 - https:\/\/yoast.com\/wordpress\/plugins\/seo\/ -->\n<title>Kontakt - Galwanizer<\/title>\n<meta name=\"robots\" content=\"index, follow, max-snippet:-1, max-image-preview:large, max-video-preview:-1\" \/>\n<link rel=\"canonical\" href=\"https:\/\/galwanizer.pl\/de\/kontakt\/\" \/>\n<meta property=\"og:locale\" content=\"de_DE\" \/>\n<meta property=\"og:type\" content=\"article\" \/>\n<meta property=\"og:title\" content=\"Kontakt - Galwanizer\" \/>\n<meta property=\"og:description\" content=\"KontaktMelden Sie sich bei uns, wir stehen Ihnen gerne zur Verf\u00fcgung.Stra\u00dfe \u015awidnicka 3858-200 Dzier\u017coni\u00f3wZugang von der Stra\u00dfe Diorowskiej (+ 48 74) 832 48 35 (BOK) (+ 48 74) 832 48 30 (Centrala) (+ 48 74) 831 17 60 (FAX)Montag - Freitag 7:00 - 15:00 Email: biuro@galwanizer.plNIP: 8821504651 REGON: 890482834 BDO: 000156858\" \/>\n<meta property=\"og:url\" content=\"https:\/\/galwanizer.pl\/de\/kontakt\/\" \/>\n<meta property=\"og:site_name\" content=\"Galwanizer\" \/>\n<meta property=\"article:modified_time\" content=\"2025-01-20T11:45:14+00:00\" \/>\n<meta name=\"twitter:card\" content=\"summary_large_image\" \/>\n<meta name=\"twitter:label1\" content=\"Gesch\u00e4tzte Lesezeit\" \/>\n\t<meta name=\"twitter:data1\" content=\"7 Minuten\" \/>\n<script type=\"application\/ld+json\" class=\"yoast-schema-graph\">{\"@context\":\"https:\/\/schema.org\",\"@graph\":[{\"@type\":\"WebPage\",\"@id\":\"https:\/\/galwanizer.pl\/de\/kontakt\/\",\"url\":\"https:\/\/galwanizer.pl\/de\/kontakt\/\",\"name\":\"Kontakt - Galwanizer\",\"isPartOf\":{\"@id\":\"https:\/\/galwanizer.pl\/#website\"},\"datePublished\":\"2024-10-20T08:51:44+00:00\",\"dateModified\":\"2025-01-20T11:45:14+00:00\",\"breadcrumb\":{\"@id\":\"https:\/\/galwanizer.pl\/de\/kontakt\/#breadcrumb\"},\"inLanguage\":\"de-DE\",\"potentialAction\":[{\"@type\":\"ReadAction\",\"target\":[\"https:\/\/galwanizer.pl\/de\/kontakt\/\"]}]},{\"@type\":\"BreadcrumbList\",\"@id\":\"https:\/\/galwanizer.pl\/de\/kontakt\/#breadcrumb\",\"itemListElement\":[{\"@type\":\"ListItem\",\"position\":1,\"name\":\"Strona g\u0142\u00f3wna\",\"item\":\"https:\/\/galwanizer.pl\/de\/home\/\"},{\"@type\":\"ListItem\",\"position\":2,\"name\":\"Kontakt\"}]},{\"@type\":\"WebSite\",\"@id\":\"https:\/\/galwanizer.pl\/#website\",\"url\":\"https:\/\/galwanizer.pl\/\",\"name\":\"Galwanizer\",\"description\":\"Galwanizer\",\"potentialAction\":[{\"@type\":\"SearchAction\",\"target\":{\"@type\":\"EntryPoint\",\"urlTemplate\":\"https:\/\/galwanizer.pl\/?s={search_term_string}\"},\"query-input\":{\"@type\":\"PropertyValueSpecification\",\"valueRequired\":true,\"valueName\":\"search_term_string\"}}],\"inLanguage\":\"de-DE\"}]}<\/script>\n<!-- \/ Yoast SEO plugin. -->","yoast_head_json":{"title":"Kontakt - Galwanizer","robots":{"index":"index","follow":"follow","max-snippet":"max-snippet:-1","max-image-preview":"max-image-preview:large","max-video-preview":"max-video-preview:-1"},"canonical":"https:\/\/galwanizer.pl\/de\/kontakt\/","og_locale":"de_DE","og_type":"article","og_title":"Kontakt - Galwanizer","og_description":"KontaktMelden Sie sich bei uns, wir stehen Ihnen gerne zur Verf\u00fcgung.Stra\u00dfe \u015awidnicka 3858-200 Dzier\u017coni\u00f3wZugang von der Stra\u00dfe Diorowskiej (+ 48 74) 832 48 35 (BOK) (+ 48 74) 832 48 30 (Centrala) (+ 48 74) 831 17 60 (FAX)Montag - Freitag 7:00 - 15:00 Email: biuro@galwanizer.plNIP: 8821504651 REGON: 890482834 BDO: 000156858","og_url":"https:\/\/galwanizer.pl\/de\/kontakt\/","og_site_name":"Galwanizer","article_modified_time":"2025-01-20T11:45:14+00:00","twitter_card":"summary_large_image","twitter_misc":{"Gesch\u00e4tzte Lesezeit":"7 Minuten"},"schema":{"@context":"https:\/\/schema.org","@graph":[{"@type":"WebPage","@id":"https:\/\/galwanizer.pl\/de\/kontakt\/","url":"https:\/\/galwanizer.pl\/de\/kontakt\/","name":"Kontakt - Galwanizer","isPartOf":{"@id":"https:\/\/galwanizer.pl\/#website"},"datePublished":"2024-10-20T08:51:44+00:00","dateModified":"2025-01-20T11:45:14+00:00","breadcrumb":{"@id":"https:\/\/galwanizer.pl\/de\/kontakt\/#breadcrumb"},"inLanguage":"de-DE","potentialAction":[{"@type":"ReadAction","target":["https:\/\/galwanizer.pl\/de\/kontakt\/"]}]},{"@type":"BreadcrumbList","@id":"https:\/\/galwanizer.pl\/de\/kontakt\/#breadcrumb","itemListElement":[{"@type":"ListItem","position":1,"name":"Strona g\u0142\u00f3wna","item":"https:\/\/galwanizer.pl\/de\/home\/"},{"@type":"ListItem","position":2,"name":"Kontakt"}]},{"@type":"WebSite","@id":"https:\/\/galwanizer.pl\/#website","url":"https:\/\/galwanizer.pl\/","name":"Galwanizer","description":"Galwanizer","potentialAction":[{"@type":"SearchAction","target":{"@type":"EntryPoint","urlTemplate":"https:\/\/galwanizer.pl\/?s={search_term_string}"},"query-input":{"@type":"PropertyValueSpecification","valueRequired":true,"valueName":"search_term_string"}}],"inLanguage":"de-DE"}]}},"_links":{"self":[{"href":"https:\/\/galwanizer.pl\/de\/wp-json\/wp\/v2\/pages\/393493"}],"collection":[{"href":"https:\/\/galwanizer.pl\/de\/wp-json\/wp\/v2\/pages"}],"about":[{"href":"https:\/\/galwanizer.pl\/de\/wp-json\/wp\/v2\/types\/page"}],"author":[{"embeddable":true,"href":"https:\/\/galwanizer.pl\/de\/wp-json\/wp\/v2\/users\/2"}],"replies":[{"embeddable":true,"href":"https:\/\/galwanizer.pl\/de\/wp-json\/wp\/v2\/comments?post=393493"}],"version-history":[{"count":4,"href":"https:\/\/galwanizer.pl\/de\/wp-json\/wp\/v2\/pages\/393493\/revisions"}],"predecessor-version":[{"id":393587,"href":"https:\/\/galwanizer.pl\/de\/wp-json\/wp\/v2\/pages\/393493\/revisions\/393587"}],"wp:attachment":[{"href":"https:\/\/galwanizer.pl\/de\/wp-json\/wp\/v2\/media?parent=393493"}],"curies":[{"name":"wp","href":"https:\/\/api.w.org\/{rel}","templated":true}]}}