{"id":393486,"date":"2024-10-20T12:42:27","date_gmt":"2024-10-20T10:42:27","guid":{"rendered":"https:\/\/galwanizer.pl\/zertifikate\/"},"modified":"2025-09-18T13:05:27","modified_gmt":"2025-09-18T11:05:27","slug":"zertifikate","status":"publish","type":"page","link":"https:\/\/galwanizer.pl\/de\/zertifikate\/","title":{"rendered":"Zertifikate"},"content":{"rendered":"<p>[et_pb_section fb_built=&#8220;1&#8243; custom_padding_last_edited=&#8220;on|tablet&#8220; admin_label=&#8220;Ruler Blurbs &#8211; Ragnar&#8220; module_class=&#8220;ragnar_blurbs_ruler&#8220; _builder_version=&#8220;4.25.2&#8243; _module_preset=&#8220;default&#8220; background_color=&#8220;#f9f9f9&#8243; background_enable_image=&#8220;off&#8220; background_enable_video_mp4=&#8220;off&#8220; custom_padding=&#8220;50px||0px||false|false&#8220; custom_padding_tablet=&#8220;50px||||false|false&#8220; custom_padding_phone=&#8220;&#8220; global_colors_info=&#8220;{}&#8220;][et_pb_row column_structure=&#8220;3_5,2_5&#8243; custom_padding_last_edited=&#8220;on|tablet&#8220; admin_label=&#8220;Ruler Blurbs &#8211; Ragnar &#8211; Row&#8220; _builder_version=&#8220;4.25.2&#8243; _module_preset=&#8220;default&#8220; width_tablet=&#8220;90%&#8220; width_phone=&#8220;90%&#8220; width_last_edited=&#8220;on|tablet&#8220; custom_padding=&#8220;60px||||false|false&#8220; custom_padding_tablet=&#8220;||20px||false|false&#8220; custom_padding_phone=&#8220;0px||0px||true|false&#8220; global_colors_info=&#8220;{}&#8220;][et_pb_column type=&#8220;3_5&#8243; _builder_version=&#8220;4.16&#8243; _module_preset=&#8220;default&#8220; global_colors_info=&#8220;{}&#8220;][et_pb_text _builder_version=&#8220;4.25.2&#8243; _module_preset=&#8220;default&#8220; header_font=&#8220;|700|||||||&#8220; header_text_align=&#8220;left&#8220; header_font_size=&#8220;70px&#8220; header_font_size_tablet=&#8220;54px&#8220; header_font_size_phone=&#8220;42px&#8220; header_font_size_last_edited=&#8220;on|phone&#8220; global_colors_info=&#8220;{}&#8220;]<\/p>\n<h1>Zertifikate<\/h1>\n<p>[\/et_pb_text][et_pb_text _builder_version=&#8220;4.25.2&#8243; _module_preset=&#8220;default&#8220; text_font_size=&#8220;20px&#8220; header_2_text_color=&#8220;#000000&#8243; header_3_text_color=&#8220;#000000&#8243; header_3_font_size=&#8220;36px&#8220; header_3_line_height=&#8220;1.1em&#8220; text_font_size_tablet=&#8220;20px&#8220; text_font_size_phone=&#8220;18px&#8220; text_font_size_last_edited=&#8220;on|phone&#8220; header_3_font_size_tablet=&#8220;22px&#8220; header_3_font_size_phone=&#8220;18px&#8220; header_3_font_size_last_edited=&#8220;on|tablet&#8220; global_colors_info=&#8220;{}&#8220;]<\/p>\n<h2>Die Gesellschaft Galwanizer hat\u2006 \u2006 DAS INTERGRIERTE MANAGEMENT SYSTEM, unterst\u00fctzt auf Norman, eingef\u00fchrt:<\/h2>\n<p>IATF 16949:2016 (Qualit\u00e4tsmanagement)<br \/>PN-EN ISO 14001:2015 ((Umweltmanagement)<br \/>PN-ISO45001:2018 (Arbeits-und Gesundheitsschutz-Management)<\/p>\n<p>[\/et_pb_text][\/et_pb_column][et_pb_column type=&#8220;2_5&#8243; _builder_version=&#8220;4.25.2&#8243; _module_preset=&#8220;default&#8220; global_colors_info=&#8220;{}&#8220;][et_pb_text _builder_version=&#8220;4.25.2&#8243; _module_preset=&#8220;default&#8220; text_text_color=&#8220;#FFFFFF&#8220; header_2_text_color=&#8220;#000000&#8243; header_3_text_color=&#8220;#42793C&#8220; header_3_font_size=&#8220;36px&#8220; header_3_line_height=&#8220;1.1em&#8220; background_color=&#8220;#42793C&#8220; max_width=&#8220;800px&#8220; custom_padding=&#8220;35px|35px|35px|35px|true|true&#8220; header_3_font_size_tablet=&#8220;22px&#8220; header_3_font_size_phone=&#8220;18px&#8220; header_3_font_size_last_edited=&#8220;on|tablet&#8220; global_colors_info=&#8220;{}&#8220;]<\/p>\n<p>Wir sorgen nicht nur f\u00fcr hohe Dienstleistungen, aber auch f\u00fcr die Reduzierung der Umweltverschmutzung, verbunden mit dem Auftragen von galvanischen Beschichtungen.<br \/>Die Sorge um die Umwelt und die Arbeitssicherheit ist eine der Grundverpflichtungen unserer Firma \u2013 wie auch die Zufriedenheit unserer Kunden. Die Zertifikate beweisen unsere Handlungen, darunter angef\u00fchrt:<\/p>\n<p>[\/et_pb_text][\/et_pb_column][\/et_pb_row][\/et_pb_section][et_pb_section fb_built=&#8220;1&#8243; _builder_version=&#8220;4.25.2&#8243; _module_preset=&#8220;default&#8220; background_enable_color=&#8220;off&#8220; custom_padding=&#8220;0px||||false|false&#8220; global_colors_info=&#8220;{}&#8220;][et_pb_row custom_padding_last_edited=&#8220;on|phone&#8220; _builder_version=&#8220;4.25.2&#8243; _module_preset=&#8220;default&#8220; background_color=&#8220;#f9f9f9&#8243; width=&#8220;90%&#8220; custom_padding=&#8220;||||false|true&#8220; custom_padding_tablet=&#8220;|50px||50px|false|true&#8220; custom_padding_phone=&#8220;|10px||10px|false|true&#8220; global_colors_info=&#8220;{}&#8220;][et_pb_column type=&#8220;4_4&#8243; _builder_version=&#8220;4.25.2&#8243; _module_preset=&#8220;default&#8220; global_colors_info=&#8220;{}&#8220;][dsm_masonry_gallery gallery_ids=&#8220;393174,393159,393840,393861&#8243; _builder_version=&#8220;4.25.2&#8243; _module_preset=&#8220;default&#8220; hover_enabled=&#8220;0&#8243; global_colors_info=&#8220;{}&#8220; sticky_enabled=&#8220;0&#8243;][\/dsm_masonry_gallery][\/et_pb_column][\/et_pb_row][\/et_pb_section][et_pb_section fb_built=&#8220;1&#8243; custom_padding_last_edited=&#8220;on|tablet&#8220; admin_label=&#8220;Seek Call To Action  &#8211; Tina &#8211; Section&#8220; module_class=&#8220;tina_seek_call_to_action&#8220; _builder_version=&#8220;4.25.2&#8243; _dynamic_attributes=&#8220;link_option_url&#8220; background_color=&#8220;#A2A2A2&#8243; custom_padding=&#8220;87px||98px||false|false&#8220; custom_padding_tablet=&#8220;40px||40px||false|false&#8220; custom_padding_phone=&#8220;&#8220; link_option_url=&#8220;@ET-DC@eyJkeW5hbWljIjp0cnVlLCJjb250ZW50IjoicG9zdF9saW5rX3VybF9wYWdlIiwic2V0dGluZ3MiOnsicG9zdF9pZCI6IjM5MzAzMiIsImVuYWJsZV9odG1sIjoib2ZmIn19@&#8220; saved_tabs=&#8220;all&#8220; global_colors_info=&#8220;{}&#8220; background__hover_enabled=&#8220;on|desktop&#8220; background_color__hover=&#8220;#42793C&#8220; background_enable_color__hover=&#8220;on&#8220;][et_pb_row column_structure=&#8220;3_4,1_4&#8243; admin_label=&#8220;Seek Call To Action &#8211; Tina &#8211; Row&#8220; _builder_version=&#8220;4.25.2&#8243; width=&#8220;90%&#8220; global_colors_info=&#8220;{}&#8220;][et_pb_column type=&#8220;3_4&#8243; _builder_version=&#8220;4.25.2&#8243; custom_css_main_element=&#8220;margin-bottom: 0 !important;&#8220; global_colors_info=&#8220;{}&#8220;][et_pb_text admin_label=&#8220;Seek Call To Action  &#8211; Tina &#8211; Text&#8220; _builder_version=&#8220;4.25.2&#8243; text_font=&#8220;&#8211;et_global_heading_font||||||||&#8220; text_text_color=&#8220;#000000&#8243; text_font_size=&#8220;32px&#8220; text_line_height=&#8220;120%&#8220; header_text_color=&#8220;#000000&#8243; custom_margin_tablet=&#8220;||10px||false|false&#8220; custom_margin_phone=&#8220;&#8220; custom_margin_last_edited=&#8220;on|tablet&#8220; text_font_size_tablet=&#8220;34px&#8220; text_font_size_phone=&#8220;26px&#8220; text_font_size_last_edited=&#8220;on|phone&#8220; text_orientation_tablet=&#8220;center&#8220; text_orientation_phone=&#8220;&#8220; text_orientation_last_edited=&#8220;on|tablet&#8220; global_colors_info=&#8220;{}&#8220;]<\/p>\n<p>Haben Sie Fragen &#8211; wenden Sie sich an uns, wir versuchen sie zu beantworten!<\/p>\n<p>[\/et_pb_text][\/et_pb_column][et_pb_column type=&#8220;1_4&#8243; _builder_version=&#8220;4.16&#8243; custom_css_main_element=&#8220;margin-bottom: 0 !important;&#8220; global_colors_info=&#8220;{}&#8220;][et_pb_button button_url=&#8220;@ET-DC@eyJkeW5hbWljIjp0cnVlLCJjb250ZW50IjoicG9zdF9saW5rX3VybF9wYWdlIiwic2V0dGluZ3MiOnsicG9zdF9pZCI6IjM5MzAzMiIsImVuYWJsZV9odG1sIjoib2ZmIn19@&#8220; button_text=&#8220;Kontakt&#8220; button_alignment=&#8220;left&#8220; button_alignment_tablet=&#8220;center&#8220; button_alignment_phone=&#8220;&#8220; button_alignment_last_edited=&#8220;on|tablet&#8220; admin_label=&#8220;Seek Call To Action  &#8211; Tina &#8211; Button&#8220; _builder_version=&#8220;4.25.2&#8243; _dynamic_attributes=&#8220;button_url&#8220; custom_button=&#8220;on&#8220; button_text_size=&#8220;20px&#8220; button_text_color=&#8220;#000000&#8243; button_border_width=&#8220;0px&#8220; button_letter_spacing=&#8220;2px&#8220; button_font=&#8220;|700||on|||||&#8220; button_use_icon=&#8220;off&#8220; custom_padding=&#8220;0px|0px|0px|0px|false|false&#8220; button_text_size_tablet=&#8220;&#8220; button_text_size_phone=&#8220;18px&#8220; button_text_size_last_edited=&#8220;on|phone&#8220; global_colors_info=&#8220;{}&#8220; button_bg_color__hover_enabled=&#8220;on|hover&#8220; button_bg_color__hover=&#8220;rgba(0,0,0,0)&#8220; button_bg_enable_color__hover=&#8220;on&#8220; button_text__hover_enabled=&#8220;off|desktop&#8220;][\/et_pb_button][\/et_pb_column][\/et_pb_row][\/et_pb_section]<\/p>\n","protected":false},"excerpt":{"rendered":"<p>ZertifikateDie Gesellschaft Galwanizer hat\u2006 \u2006 DAS INTERGRIERTE MANAGEMENT SYSTEM, unterst\u00fctzt auf Norman, eingef\u00fchrt: IATF 16949:2016 (Qualit\u00e4tsmanagement)PN-EN ISO 14001:2015 ((Umweltmanagement)PN-ISO45001:2018 (Arbeits-und Gesundheitsschutz-Management)Wir sorgen nicht nur f\u00fcr hohe Dienstleistungen, aber auch f\u00fcr die Reduzierung der Umweltverschmutzung, verbunden mit dem Auftragen von galvanischen Beschichtungen.Die Sorge um die Umwelt und die Arbeitssicherheit ist eine der Grundverpflichtungen unserer Firma \u2013 wie auch die Zufriedenheit unserer Kunden. Die Zertifikate beweisen unsere Handlungen, darunter angef\u00fchrt:<div class=\"et_pb_module dsm_masonry_gallery dsm_masonry_gallery_0\">\n\t\t\t\t\n\t\t\t\t\n\t\t\t\t\n\t\t\t\t\n\t\t\t\t\n\t\t\t\t\n\t\t\t\t<div class=\"et_pb_module_inner\">\n\t\t\t\t\t<div class=\"dsm-gallery grid\" data-lightbox=\"true\" data-horizontalorder=\"true\">\n                <div class=\"grid-sizer\"><\/div><div class=\"gutter-sizer\"><\/div><div class=\"grid-item\">\n                    <a href=\"https:\/\/galwanizer.pl\/wp-content\/uploads\/2024\/10\/1729421557597-31e1f3b7-515e-4207-8fb6-14e2ae36788f_1.jpg\"  data-title='1729421557597-31e1f3b7-515e-4207-8fb6-14e2ae36788f_1'  data-caption='' data-mfp-src=\"https:\/\/galwanizer.pl\/wp-content\/uploads\/2024\/10\/1729421557597-31e1f3b7-515e-4207-8fb6-14e2ae36788f_1.jpg\">\n                        <div class=\"et_pb_image_wrap\">\n                            <img loading=\"lazy\" decoding=\"async\" src=\"https:\/\/galwanizer.pl\/wp-content\/uploads\/2024\/10\/1729421557597-31e1f3b7-515e-4207-8fb6-14e2ae36788f_1.jpg\" title=\"1729421557597-31e1f3b7-515e-4207-8fb6-14e2ae36788f_1\" alt=\"certyfikat\" class=\"\" srcset=\"https:\/\/galwanizer.pl\/wp-content\/uploads\/2024\/10\/1729421557597-31e1f3b7-515e-4207-8fb6-14e2ae36788f_1.jpg 724w, https:\/\/galwanizer.pl\/wp-content\/uploads\/2024\/10\/1729421557597-31e1f3b7-515e-4207-8fb6-14e2ae36788f_1-480x679.jpg 480w\" sizes=\"(min-width: 0px) and (max-width: 480px) 480px, (min-width: 481px) 724px, 100vw\" width=\"724\" height=\"1024\" \/>\n                            \n                        <\/div>\n                    <\/a>\n                <\/div><div class=\"grid-item\">\n                    <a href=\"https:\/\/galwanizer.pl\/wp-content\/uploads\/2024\/10\/1729421559653-7233a8b5-bd81-45e6-889f-1c83e8c636c0_1.jpg\"  data-title='1729421559653-7233a8b5-bd81-45e6-889f-1c83e8c636c0_1'  data-caption='' data-mfp-src=\"https:\/\/galwanizer.pl\/wp-content\/uploads\/2024\/10\/1729421559653-7233a8b5-bd81-45e6-889f-1c83e8c636c0_1.jpg\">\n                        <div class=\"et_pb_image_wrap\">\n                            <img loading=\"lazy\" decoding=\"async\" src=\"https:\/\/galwanizer.pl\/wp-content\/uploads\/2024\/10\/1729421559653-7233a8b5-bd81-45e6-889f-1c83e8c636c0_1.jpg\" title=\"1729421559653-7233a8b5-bd81-45e6-889f-1c83e8c636c0_1\" alt=\"certyfikat\" class=\"\" srcset=\"https:\/\/galwanizer.pl\/wp-content\/uploads\/2024\/10\/1729421559653-7233a8b5-bd81-45e6-889f-1c83e8c636c0_1.jpg 724w, https:\/\/galwanizer.pl\/wp-content\/uploads\/2024\/10\/1729421559653-7233a8b5-bd81-45e6-889f-1c83e8c636c0_1-480x679.jpg 480w\" sizes=\"(min-width: 0px) and (max-width: 480px) 480px, (min-width: 481px) 724px, 100vw\" width=\"724\" height=\"1024\" \/>\n                            \n                        <\/div>\n                    <\/a>\n                <\/div><div class=\"grid-item\">\n                    <a href=\"https:\/\/galwanizer.pl\/wp-content\/uploads\/2025\/09\/CERT_14001_PCA_DE_2025.jpg\"  data-title='CERT_14001_PCA_DE_2025'  data-caption='' data-mfp-src=\"https:\/\/galwanizer.pl\/wp-content\/uploads\/2025\/09\/CERT_14001_PCA_DE_2025.jpg\">\n                        <div class=\"et_pb_image_wrap\">\n                            <img loading=\"lazy\" decoding=\"async\" src=\"https:\/\/galwanizer.pl\/wp-content\/uploads\/2025\/09\/CERT_14001_PCA_DE_2025.jpg\" title=\"CERT_14001_PCA_DE_2025\" alt=\"\" class=\"\" srcset=\"https:\/\/galwanizer.pl\/wp-content\/uploads\/2025\/09\/CERT_14001_PCA_DE_2025.jpg 1654w, https:\/\/galwanizer.pl\/wp-content\/uploads\/2025\/09\/CERT_14001_PCA_DE_2025-1280x1810.jpg 1280w, https:\/\/galwanizer.pl\/wp-content\/uploads\/2025\/09\/CERT_14001_PCA_DE_2025-980x1386.jpg 980w, https:\/\/galwanizer.pl\/wp-content\/uploads\/2025\/09\/CERT_14001_PCA_DE_2025-480x679.jpg 480w\" sizes=\"(min-width: 0px) and (max-width: 480px) 480px, (min-width: 481px) and (max-width: 980px) 980px, (min-width: 981px) and (max-width: 1280px) 1280px, (min-width: 1281px) 1654px, 100vw\" width=\"1654\" height=\"2339\" \/>\n                            \n                        <\/div>\n                    <\/a>\n                <\/div><div class=\"grid-item\">\n                    <a href=\"https:\/\/galwanizer.pl\/wp-content\/uploads\/2025\/09\/CERT_45001_PCA_DE_2025-1.jpg\"  data-title='CERT_45001_PCA_DE_2025'  data-caption='' data-mfp-src=\"https:\/\/galwanizer.pl\/wp-content\/uploads\/2025\/09\/CERT_45001_PCA_DE_2025-1.jpg\">\n                        <div class=\"et_pb_image_wrap\">\n                            <img loading=\"lazy\" decoding=\"async\" src=\"https:\/\/galwanizer.pl\/wp-content\/uploads\/2025\/09\/CERT_45001_PCA_DE_2025-1.jpg\" title=\"CERT_45001_PCA_DE_2025\" alt=\"\" class=\"\" srcset=\"https:\/\/galwanizer.pl\/wp-content\/uploads\/2025\/09\/CERT_45001_PCA_DE_2025-1.jpg 1654w, https:\/\/galwanizer.pl\/wp-content\/uploads\/2025\/09\/CERT_45001_PCA_DE_2025-1-1280x1810.jpg 1280w, https:\/\/galwanizer.pl\/wp-content\/uploads\/2025\/09\/CERT_45001_PCA_DE_2025-1-980x1386.jpg 980w, https:\/\/galwanizer.pl\/wp-content\/uploads\/2025\/09\/CERT_45001_PCA_DE_2025-1-480x679.jpg 480w\" sizes=\"(min-width: 0px) and (max-width: 480px) 480px, (min-width: 481px) and (max-width: 980px) 980px, (min-width: 981px) and (max-width: 1280px) 1280px, (min-width: 1281px) 1654px, 100vw\" width=\"1654\" height=\"2339\" \/>\n                            \n                        <\/div>\n                    <\/a>\n                <\/div>\n             <\/div>\n\t\t\t\t<\/div>\n\t\t\t<\/div>Haben Sie Fragen &#8211; wenden Sie sich an uns, wir versuchen sie zu beantworten!<\/p>\n","protected":false},"author":2,"featured_media":0,"parent":0,"menu_order":0,"comment_status":"closed","ping_status":"closed","template":"","meta":{"_et_pb_use_builder":"on","_et_pb_old_content":"","_et_gb_content_width":"","footnotes":""},"yoast_head":"<!-- This site is optimized with the Yoast SEO plugin v23.6 - https:\/\/yoast.com\/wordpress\/plugins\/seo\/ -->\n<title>&gt;Galwanizacja - Dzier\u017coni\u00f3w | Certyfikaty sp\u00f3\u0142ki Galwanizer<\/title>\n<meta name=\"description\" content=\"Galwanizer mo\u017ce pochwali\u0107 si\u0119 wieloma certyfikatami potwierdzaj\u0105cymi najwy\u017csz\u0105 jako\u015b\u0107 naszej obr\u00f3bki galwanizacyjnej oraz odpowiednie kwalifikacje pracownik\u00f3w.\" \/>\n<meta name=\"robots\" content=\"index, follow, max-snippet:-1, max-image-preview:large, max-video-preview:-1\" \/>\n<link rel=\"canonical\" href=\"https:\/\/galwanizer.pl\/de\/zertifikate\/\" \/>\n<meta property=\"og:locale\" content=\"de_DE\" \/>\n<meta property=\"og:type\" content=\"article\" \/>\n<meta property=\"og:title\" content=\"&gt;Galwanizacja - Dzier\u017coni\u00f3w | Certyfikaty sp\u00f3\u0142ki Galwanizer\" \/>\n<meta property=\"og:description\" content=\"Galwanizer mo\u017ce pochwali\u0107 si\u0119 wieloma certyfikatami potwierdzaj\u0105cymi najwy\u017csz\u0105 jako\u015b\u0107 naszej obr\u00f3bki galwanizacyjnej oraz odpowiednie kwalifikacje pracownik\u00f3w.\" \/>\n<meta property=\"og:url\" content=\"https:\/\/galwanizer.pl\/de\/zertifikate\/\" \/>\n<meta property=\"og:site_name\" content=\"Galwanizer\" \/>\n<meta property=\"article:modified_time\" content=\"2025-09-18T11:05:27+00:00\" \/>\n<meta name=\"twitter:card\" content=\"summary_large_image\" \/>\n<meta name=\"twitter:label1\" content=\"Gesch\u00e4tzte Lesezeit\" \/>\n\t<meta name=\"twitter:data1\" content=\"5 Minuten\" \/>\n<script type=\"application\/ld+json\" class=\"yoast-schema-graph\">{\"@context\":\"https:\/\/schema.org\",\"@graph\":[{\"@type\":\"WebPage\",\"@id\":\"https:\/\/galwanizer.pl\/de\/zertifikate\/\",\"url\":\"https:\/\/galwanizer.pl\/de\/zertifikate\/\",\"name\":\">Galwanizacja - Dzier\u017coni\u00f3w | Certyfikaty sp\u00f3\u0142ki Galwanizer\",\"isPartOf\":{\"@id\":\"https:\/\/galwanizer.pl\/#website\"},\"datePublished\":\"2024-10-20T10:42:27+00:00\",\"dateModified\":\"2025-09-18T11:05:27+00:00\",\"description\":\"Galwanizer mo\u017ce pochwali\u0107 si\u0119 wieloma certyfikatami potwierdzaj\u0105cymi najwy\u017csz\u0105 jako\u015b\u0107 naszej obr\u00f3bki galwanizacyjnej oraz odpowiednie kwalifikacje pracownik\u00f3w.\",\"breadcrumb\":{\"@id\":\"https:\/\/galwanizer.pl\/de\/zertifikate\/#breadcrumb\"},\"inLanguage\":\"de-DE\",\"potentialAction\":[{\"@type\":\"ReadAction\",\"target\":[\"https:\/\/galwanizer.pl\/de\/zertifikate\/\"]}]},{\"@type\":\"BreadcrumbList\",\"@id\":\"https:\/\/galwanizer.pl\/de\/zertifikate\/#breadcrumb\",\"itemListElement\":[{\"@type\":\"ListItem\",\"position\":1,\"name\":\"Strona g\u0142\u00f3wna\",\"item\":\"https:\/\/galwanizer.pl\/de\/home\/\"},{\"@type\":\"ListItem\",\"position\":2,\"name\":\"Zertifikate\"}]},{\"@type\":\"WebSite\",\"@id\":\"https:\/\/galwanizer.pl\/#website\",\"url\":\"https:\/\/galwanizer.pl\/\",\"name\":\"Galwanizer\",\"description\":\"Galwanizer\",\"potentialAction\":[{\"@type\":\"SearchAction\",\"target\":{\"@type\":\"EntryPoint\",\"urlTemplate\":\"https:\/\/galwanizer.pl\/?s={search_term_string}\"},\"query-input\":{\"@type\":\"PropertyValueSpecification\",\"valueRequired\":true,\"valueName\":\"search_term_string\"}}],\"inLanguage\":\"de-DE\"}]}<\/script>\n<!-- \/ Yoast SEO plugin. -->","yoast_head_json":{"title":">Galwanizacja - Dzier\u017coni\u00f3w | Certyfikaty sp\u00f3\u0142ki Galwanizer","description":"Galwanizer mo\u017ce pochwali\u0107 si\u0119 wieloma certyfikatami potwierdzaj\u0105cymi najwy\u017csz\u0105 jako\u015b\u0107 naszej obr\u00f3bki galwanizacyjnej oraz odpowiednie kwalifikacje pracownik\u00f3w.","robots":{"index":"index","follow":"follow","max-snippet":"max-snippet:-1","max-image-preview":"max-image-preview:large","max-video-preview":"max-video-preview:-1"},"canonical":"https:\/\/galwanizer.pl\/de\/zertifikate\/","og_locale":"de_DE","og_type":"article","og_title":">Galwanizacja - Dzier\u017coni\u00f3w | Certyfikaty sp\u00f3\u0142ki Galwanizer","og_description":"Galwanizer mo\u017ce pochwali\u0107 si\u0119 wieloma certyfikatami potwierdzaj\u0105cymi najwy\u017csz\u0105 jako\u015b\u0107 naszej obr\u00f3bki galwanizacyjnej oraz odpowiednie kwalifikacje pracownik\u00f3w.","og_url":"https:\/\/galwanizer.pl\/de\/zertifikate\/","og_site_name":"Galwanizer","article_modified_time":"2025-09-18T11:05:27+00:00","twitter_card":"summary_large_image","twitter_misc":{"Gesch\u00e4tzte Lesezeit":"5 Minuten"},"schema":{"@context":"https:\/\/schema.org","@graph":[{"@type":"WebPage","@id":"https:\/\/galwanizer.pl\/de\/zertifikate\/","url":"https:\/\/galwanizer.pl\/de\/zertifikate\/","name":">Galwanizacja - Dzier\u017coni\u00f3w | Certyfikaty sp\u00f3\u0142ki Galwanizer","isPartOf":{"@id":"https:\/\/galwanizer.pl\/#website"},"datePublished":"2024-10-20T10:42:27+00:00","dateModified":"2025-09-18T11:05:27+00:00","description":"Galwanizer mo\u017ce pochwali\u0107 si\u0119 wieloma certyfikatami potwierdzaj\u0105cymi najwy\u017csz\u0105 jako\u015b\u0107 naszej obr\u00f3bki galwanizacyjnej oraz odpowiednie kwalifikacje pracownik\u00f3w.","breadcrumb":{"@id":"https:\/\/galwanizer.pl\/de\/zertifikate\/#breadcrumb"},"inLanguage":"de-DE","potentialAction":[{"@type":"ReadAction","target":["https:\/\/galwanizer.pl\/de\/zertifikate\/"]}]},{"@type":"BreadcrumbList","@id":"https:\/\/galwanizer.pl\/de\/zertifikate\/#breadcrumb","itemListElement":[{"@type":"ListItem","position":1,"name":"Strona g\u0142\u00f3wna","item":"https:\/\/galwanizer.pl\/de\/home\/"},{"@type":"ListItem","position":2,"name":"Zertifikate"}]},{"@type":"WebSite","@id":"https:\/\/galwanizer.pl\/#website","url":"https:\/\/galwanizer.pl\/","name":"Galwanizer","description":"Galwanizer","potentialAction":[{"@type":"SearchAction","target":{"@type":"EntryPoint","urlTemplate":"https:\/\/galwanizer.pl\/?s={search_term_string}"},"query-input":{"@type":"PropertyValueSpecification","valueRequired":true,"valueName":"search_term_string"}}],"inLanguage":"de-DE"}]}},"_links":{"self":[{"href":"https:\/\/galwanizer.pl\/de\/wp-json\/wp\/v2\/pages\/393486"}],"collection":[{"href":"https:\/\/galwanizer.pl\/de\/wp-json\/wp\/v2\/pages"}],"about":[{"href":"https:\/\/galwanizer.pl\/de\/wp-json\/wp\/v2\/types\/page"}],"author":[{"embeddable":true,"href":"https:\/\/galwanizer.pl\/de\/wp-json\/wp\/v2\/users\/2"}],"replies":[{"embeddable":true,"href":"https:\/\/galwanizer.pl\/de\/wp-json\/wp\/v2\/comments?post=393486"}],"version-history":[{"count":8,"href":"https:\/\/galwanizer.pl\/de\/wp-json\/wp\/v2\/pages\/393486\/revisions"}],"predecessor-version":[{"id":393864,"href":"https:\/\/galwanizer.pl\/de\/wp-json\/wp\/v2\/pages\/393486\/revisions\/393864"}],"wp:attachment":[{"href":"https:\/\/galwanizer.pl\/de\/wp-json\/wp\/v2\/media?parent=393486"}],"curies":[{"name":"wp","href":"https:\/\/api.w.org\/{rel}","templated":true}]}}